{"id":735,"date":"2026-04-08T12:53:27","date_gmt":"2026-04-08T12:53:27","guid":{"rendered":"https:\/\/vanillapost.com\/?post_type=product&#038;p=735"},"modified":"2026-04-09T05:03:43","modified_gmt":"2026-04-09T05:03:43","slug":"vaniljpulver-35g","status":"publish","type":"product","link":"https:\/\/vanillapost.com\/en\/product\/vaniljpulver-35g\/","title":{"rendered":"Vaniljpulver &#8211; 35g"},"content":{"rendered":"<p>Vaniljpulver med intensiv smak, perfekt f\u00f6r exklusiva desserter.<\/p>\n<p>35 gram vaniljpulver. Vakuumf\u00f6rpackat.<\/p>\n<p>Uppt\u00e4ck \u00e4kta vaniljsmak med v\u00e5rt vaniljpulver fr\u00e5n Uganda. \u00a0Njut av den rika och aromatiska vaniljsmaken som ger en naturlig s\u00f6tma och en exotisk touch till dina recept.<\/p>\n<div>\n<p>Vaniljen \u00e4r<span class=\"apple-converted-space\">\u00a0<\/span><strong data-start=\"978\" data-end=\"997\">vakuumf\u00f6rpackad<\/strong><span class=\"apple-converted-space\">\u00a0<\/span>f\u00f6r att bevara sin naturliga arom. N\u00e4r du \u00f6ppnat f\u00f6rpackningen, f\u00f6rvara i en t\u00e4ttslutande glasburk, m\u00f6rkt och svalt. De g\u00e5r bra att frysa.<\/p>\n<\/div>\n<div>\n<p data-start=\"1174\" data-end=\"1443\">Pulvret \u00e4r hela malda vaniljst\u00e4nger om minst 35 g totalvikt.<\/p>\n<\/div>","protected":false},"excerpt":{"rendered":"<p>Vaniljpulver med intensiv smak, perfekt f\u00f6r exklusiva desserter. 35 gram vaniljpulver. Vakuumf\u00f6rpackat. Uppt\u00e4ck \u00e4kta vaniljsmak med v\u00e5rt vaniljpulver fr\u00e5n Uganda. \u00a0Njut av den rika och aromatiska vaniljsmaken som ger en naturlig s\u00f6tma och en exotisk touch till dina recept. Vaniljen \u00e4r\u00a0vakuumf\u00f6rpackad\u00a0f\u00f6r att bevara sin naturliga arom. N\u00e4r du \u00f6ppnat f\u00f6rpackningen, f\u00f6rvara i en t\u00e4ttslutande glasburk, [&hellip;]<\/p>\n","protected":false},"featured_media":732,"comment_status":"open","ping_status":"closed","template":"","meta":{"om_disable_all_campaigns":false,"_monsterinsights_skip_tracking":false,"_monsterinsights_sitenote_active":false,"_monsterinsights_sitenote_note":"","_monsterinsights_sitenote_category":0,"_uf_show_specific_survey":0,"_uf_disable_surveys":false},"product_brand":[],"product_cat":[20],"product_tag":[],"class_list":{"0":"post-735","1":"product","2":"type-product","3":"status-publish","4":"has-post-thumbnail","6":"product_cat-vaniljpulver","8":"first","9":"instock","10":"taxable","11":"shipping-taxable","12":"purchasable","13":"product-type-simple"},"aioseo_notices":[],"jetpack_sharing_enabled":true,"_links":{"self":[{"href":"https:\/\/vanillapost.com\/en\/wp-json\/wp\/v2\/product\/735","targetHints":{"allow":["GET"]}}],"collection":[{"href":"https:\/\/vanillapost.com\/en\/wp-json\/wp\/v2\/product"}],"about":[{"href":"https:\/\/vanillapost.com\/en\/wp-json\/wp\/v2\/types\/product"}],"replies":[{"embeddable":true,"href":"https:\/\/vanillapost.com\/en\/wp-json\/wp\/v2\/comments?post=735"}],"wp:featuredmedia":[{"embeddable":true,"href":"https:\/\/vanillapost.com\/en\/wp-json\/wp\/v2\/media\/732"}],"wp:attachment":[{"href":"https:\/\/vanillapost.com\/en\/wp-json\/wp\/v2\/media?parent=735"}],"wp:term":[{"taxonomy":"product_brand","embeddable":true,"href":"https:\/\/vanillapost.com\/en\/wp-json\/wp\/v2\/product_brand?post=735"},{"taxonomy":"product_cat","embeddable":true,"href":"https:\/\/vanillapost.com\/en\/wp-json\/wp\/v2\/product_cat?post=735"},{"taxonomy":"product_tag","embeddable":true,"href":"https:\/\/vanillapost.com\/en\/wp-json\/wp\/v2\/product_tag?post=735"}],"curies":[{"name":"wp","href":"https:\/\/api.w.org\/{rel}","templated":true}]}}