{"id":725,"date":"2026-04-08T11:58:43","date_gmt":"2026-04-08T11:58:43","guid":{"rendered":"https:\/\/vanillapost.com\/?post_type=product&#038;p=725"},"modified":"2026-04-28T11:22:27","modified_gmt":"2026-04-28T11:22:27","slug":"vaniljstanger-500-gram","status":"publish","type":"product","link":"https:\/\/vanillapost.com\/en\/product\/vaniljstanger-500-gram\/","title":{"rendered":"Vaniljst\u00e4nger &#8221;Split ends&#8221; 500 gram"},"content":{"rendered":"<p>500gr vaniljst\u00e4nger &#8221;split ends&#8221; f\u00f6r professionella k\u00f6k och den riktiga vanilj\u00e4lskaren. Vakuumf\u00f6rpackade. \u00c4r ni ett f\u00f6retag som vill best\u00e4lla st\u00f6rre kvantiteter h\u00f6r av er till oss f\u00f6r offert.<\/p>\n<p>Uppt\u00e4ck \u00e4kta vaniljsmak med v\u00e5rt paket om 0,5kgt vaniljst\u00e4nger fr\u00e5n Uganda. Dessa st\u00e4nger \u00e4r s\u00e5 kallade &#8221;split ends&#8221; d\u00e4r de har delat sig naturligt i torkningsprocessen, de \u00e4r d\u00e4rf\u00f6r n\u00e5got billigare, men vaniljsmaken \u00e4r densamma! De \u00e4r utm\u00e4rkta om du \u00e4nd\u00e5 ska mala eller anv\u00e4nda dem i bakverk mm. Njut av den rika och aromatiska vaniljen som ger en naturlig s\u00f6tma och en exotisk touch till dina recept. En vaniljst\u00e5ng v\u00e4ger ca 3-4 g och \u00e4r 15-20cm l\u00e5nga. De varierar naturligt i storlek och vikt.<\/p>\n<div>\n<p>Vaniljen \u00e4r<span class=\"apple-converted-space\">\u00a0<\/span><strong data-start=\"978\" data-end=\"997\">vakuumf\u00f6rpackad<\/strong><span class=\"apple-converted-space\">\u00a0<\/span>f\u00f6r att bevara sin naturliga fuktighet och arom. N\u00e4r du \u00f6ppnat f\u00f6rpackningen, f\u00f6rvara st\u00e4ngerna i en t\u00e4ttslutande glasburk, m\u00f6rkt och svalt, s\u00e5 h\u00e5ller de sig fr\u00e4scha l\u00e4nge.De g\u00e5r bra att frysa. Om vaniljst\u00e5ngen blivit torr och spr\u00f6d, g\u00e5r det att \u00e5nga \u00f6ver kokande vatten eller ha lite vodka, rom eller vegetabiliskt glycerin i botten p\u00e5 burken du f\u00f6rvarar dem i.<\/p>\n<\/div>\n<div>\n<p data-start=\"1174\" data-end=\"1443\">Hela vaniljst\u00e5ngen g\u00e5r att anv\u00e4nda. Skrapa ur fr\u00f6na till bakning eller matlagning, och l\u00e5t sedan st\u00e5ngen torka \u2013 du kan mala den till pulver, l\u00e4gga den i socker f\u00f6r att skapa<span class=\"apple-converted-space\">\u00a0<\/span><strong data-start=\"1349\" data-end=\"1370\">egen vaniljsocker<\/strong>, eller l\u00e5ta den dra i alkohol f\u00f6r att g\u00f6ra<span class=\"apple-converted-space\">\u00a0<\/span><strong data-start=\"1414\" data-end=\"1440\">hemlagat vaniljextrakt<\/strong>.<\/p>\n<p data-start=\"1174\" data-end=\"1443\">Vi garanterar minst 500gr per f\u00f6rpackning.<\/p>\n<\/div>","protected":false},"excerpt":{"rendered":"<p>500gr vaniljst\u00e4nger &#8221;split ends&#8221; f\u00f6r professionella k\u00f6k och den riktiga vanilj\u00e4lskaren. Vakuumf\u00f6rpackade. \u00c4r ni ett f\u00f6retag som vill best\u00e4lla st\u00f6rre kvantiteter h\u00f6r av er till oss f\u00f6r offert. Uppt\u00e4ck \u00e4kta vaniljsmak med v\u00e5rt paket om 0,5kgt vaniljst\u00e4nger fr\u00e5n Uganda. Dessa st\u00e4nger \u00e4r s\u00e5 kallade &#8221;split ends&#8221; d\u00e4r de har delat sig naturligt i torkningsprocessen, de [&hellip;]<\/p>\n","protected":false},"featured_media":743,"comment_status":"open","ping_status":"closed","template":"","meta":{"om_disable_all_campaigns":false,"_monsterinsights_skip_tracking":false,"_monsterinsights_sitenote_active":false,"_monsterinsights_sitenote_note":"","_monsterinsights_sitenote_category":0,"_uf_show_specific_survey":0,"_uf_disable_surveys":false},"product_brand":[],"product_cat":[19],"product_tag":[22],"class_list":{"0":"post-725","1":"product","2":"type-product","3":"status-publish","4":"has-post-thumbnail","6":"product_cat-vaniljstanger","7":"product_tag-vaniljstang","9":"first","10":"instock","11":"taxable","12":"shipping-taxable","13":"purchasable","14":"product-type-simple"},"aioseo_notices":[],"jetpack_sharing_enabled":true,"_links":{"self":[{"href":"https:\/\/vanillapost.com\/en\/wp-json\/wp\/v2\/product\/725","targetHints":{"allow":["GET"]}}],"collection":[{"href":"https:\/\/vanillapost.com\/en\/wp-json\/wp\/v2\/product"}],"about":[{"href":"https:\/\/vanillapost.com\/en\/wp-json\/wp\/v2\/types\/product"}],"replies":[{"embeddable":true,"href":"https:\/\/vanillapost.com\/en\/wp-json\/wp\/v2\/comments?post=725"}],"wp:featuredmedia":[{"embeddable":true,"href":"https:\/\/vanillapost.com\/en\/wp-json\/wp\/v2\/media\/743"}],"wp:attachment":[{"href":"https:\/\/vanillapost.com\/en\/wp-json\/wp\/v2\/media?parent=725"}],"wp:term":[{"taxonomy":"product_brand","embeddable":true,"href":"https:\/\/vanillapost.com\/en\/wp-json\/wp\/v2\/product_brand?post=725"},{"taxonomy":"product_cat","embeddable":true,"href":"https:\/\/vanillapost.com\/en\/wp-json\/wp\/v2\/product_cat?post=725"},{"taxonomy":"product_tag","embeddable":true,"href":"https:\/\/vanillapost.com\/en\/wp-json\/wp\/v2\/product_tag?post=725"}],"curies":[{"name":"wp","href":"https:\/\/api.w.org\/{rel}","templated":true}]}}