{"id":187,"date":"2025-11-17T14:01:35","date_gmt":"2025-11-17T14:01:35","guid":{"rendered":"https:\/\/vanillapost.com\/?post_type=product&#038;p=187"},"modified":"2026-04-28T20:17:21","modified_gmt":"2026-04-28T20:17:21","slug":"10-st-vaniljstanger-premium","status":"publish","type":"product","link":"https:\/\/vanillapost.com\/en\/product\/10-st-vaniljstanger-premium\/","title":{"rendered":"10 st Vaniljst\u00e4nger &#8211; Premium"},"content":{"rendered":"<p>V\u00e5rt premiumpaket inneh\u00e5ller extra stora, mjuka och f\u00e4rska vaniljst\u00e4nger fr\u00e5n den senaste leveransen, f\u00f6r dig som vill ha det allra b\u00e4sta. Vakuumf\u00f6rpackade.<\/p>\n<p>Uppt\u00e4ck \u00e4kta vaniljsmak med v\u00e5rt paket om 10 vaniljst\u00e4nger fr\u00e5n Uganda. Dessa noggrant utvalda st\u00e4nger \u00e4r perfekta f\u00f6r att f\u00f6rh\u00f6ja smaken i bakverk, desserter och drycker. Njut av den rika och aromatiska vaniljen som ger en naturlig s\u00f6tma och en exotisk touch till dina recept. En vaniljst\u00e5ng v\u00e4ger ca 3,5-4,5 g och \u00e4r 17-20 cm l\u00e5nga. De varierar naturligt i storlek och vikt.<\/p>\n<div>\n<p>Vaniljen \u00e4r<span class=\"apple-converted-space\">\u00a0<\/span><strong data-start=\"978\" data-end=\"997\">vakuumf\u00f6rpackad<\/strong><span class=\"apple-converted-space\">\u00a0<\/span>f\u00f6r att bevara sin naturliga fuktighet och arom. N\u00e4r du \u00f6ppnat f\u00f6rpackningen, f\u00f6rvara st\u00e4ngerna i en t\u00e4ttslutande glasburk, m\u00f6rkt och svalt, s\u00e5 h\u00e5ller de sig fr\u00e4scha l\u00e4nge. De g\u00e5r utm\u00e4rkt att frysa. Om vaniljst\u00e5ngen blivit torr och spr\u00f6d g\u00e5r det att \u00e5nga \u00f6ver kokande vatten eller ha lite vodka, rom eller vegetabiliskt glycerin i botten p\u00e5 burken du f\u00f6rvarar dem i.<\/p>\n<\/div>\n<div>\n<p data-start=\"1174\" data-end=\"1443\">Hela vaniljst\u00e5ngen g\u00e5r att anv\u00e4nda. Skrapa ur fr\u00f6na till bakning eller matlagning, och l\u00e5t sedan st\u00e5ngen torka \u2013 du kan mala den till pulver, l\u00e4gga den i socker f\u00f6r att skapa<span class=\"apple-converted-space\">\u00a0<\/span><strong data-start=\"1349\" data-end=\"1370\">egen vaniljsocker<\/strong>, eller l\u00e5ta den dra i alkohol f\u00f6r att g\u00f6ra<span class=\"apple-converted-space\">\u00a0<\/span><strong data-start=\"1414\" data-end=\"1440\">hemlagat vaniljextrakt<\/strong>.<\/p>\n<\/div>","protected":false},"excerpt":{"rendered":"<p>V\u00e5rt premiumpaket inneh\u00e5ller extra stora, mjuka och f\u00e4rska vaniljst\u00e4nger fr\u00e5n den senaste leveransen, f\u00f6r dig som vill ha det allra b\u00e4sta. Vakuumf\u00f6rpackade. Uppt\u00e4ck \u00e4kta vaniljsmak med v\u00e5rt paket om 10 vaniljst\u00e4nger fr\u00e5n Uganda. Dessa noggrant utvalda st\u00e4nger \u00e4r perfekta f\u00f6r att f\u00f6rh\u00f6ja smaken i bakverk, desserter och drycker. Njut av den rika och aromatiska vaniljen [&hellip;]<\/p>\n","protected":false},"featured_media":539,"comment_status":"open","ping_status":"closed","template":"","meta":{"om_disable_all_campaigns":false,"_monsterinsights_skip_tracking":false,"_monsterinsights_sitenote_active":false,"_monsterinsights_sitenote_note":"","_monsterinsights_sitenote_category":0,"_uf_show_specific_survey":0,"_uf_disable_surveys":false},"product_brand":[],"product_cat":[19],"product_tag":[22],"class_list":{"0":"post-187","1":"product","2":"type-product","3":"status-publish","4":"has-post-thumbnail","6":"product_cat-vaniljstanger","7":"product_tag-vaniljstang","9":"first","10":"instock","11":"taxable","12":"shipping-taxable","13":"purchasable","14":"product-type-simple"},"aioseo_notices":[],"jetpack_sharing_enabled":true,"_links":{"self":[{"href":"https:\/\/vanillapost.com\/en\/wp-json\/wp\/v2\/product\/187","targetHints":{"allow":["GET"]}}],"collection":[{"href":"https:\/\/vanillapost.com\/en\/wp-json\/wp\/v2\/product"}],"about":[{"href":"https:\/\/vanillapost.com\/en\/wp-json\/wp\/v2\/types\/product"}],"replies":[{"embeddable":true,"href":"https:\/\/vanillapost.com\/en\/wp-json\/wp\/v2\/comments?post=187"}],"wp:featuredmedia":[{"embeddable":true,"href":"https:\/\/vanillapost.com\/en\/wp-json\/wp\/v2\/media\/539"}],"wp:attachment":[{"href":"https:\/\/vanillapost.com\/en\/wp-json\/wp\/v2\/media?parent=187"}],"wp:term":[{"taxonomy":"product_brand","embeddable":true,"href":"https:\/\/vanillapost.com\/en\/wp-json\/wp\/v2\/product_brand?post=187"},{"taxonomy":"product_cat","embeddable":true,"href":"https:\/\/vanillapost.com\/en\/wp-json\/wp\/v2\/product_cat?post=187"},{"taxonomy":"product_tag","embeddable":true,"href":"https:\/\/vanillapost.com\/en\/wp-json\/wp\/v2\/product_tag?post=187"}],"curies":[{"name":"wp","href":"https:\/\/api.w.org\/{rel}","templated":true}]}}