{"id":109,"date":"2025-09-17T07:43:22","date_gmt":"2025-09-17T07:43:22","guid":{"rendered":"https:\/\/vanillapost.com\/?post_type=product&#038;p=109"},"modified":"2026-05-02T20:25:31","modified_gmt":"2026-05-02T20:25:31","slug":"vaniljstangspaket-5-st","status":"publish","type":"product","link":"https:\/\/vanillapost.com\/en\/product\/vaniljstangspaket-5-st\/","title":{"rendered":"5 st Vaniljst\u00e4nger"},"content":{"rendered":"<p>Ett paket med 5 st vaniljst\u00e4nger. Vakuumf\u00f6rpackade f\u00f6r att beh\u00e5lla aromer under l\u00e5ng tid.<\/p>\n<p>Uppt\u00e4ck \u00e4kta vaniljsmak med v\u00e5rt paket om 5 vaniljst\u00e4nger fr\u00e5n Uganda. Dessa noggrant utvalda st\u00e4nger \u00e4r perfekta f\u00f6r att f\u00f6rh\u00f6ja smaken i bakverk, desserter och drycker. Njut av den rika och aromatiska vaniljen som ger en naturlig s\u00f6tma och en exotisk touch till dina recept. En vaniljst\u00e5ng v\u00e4ger ca 3 g och \u00e4r 15-17cm l\u00e5nga. De varierar naturligt i storlek och vikt.<\/p>\n<div>\n<p>Vaniljen \u00e4r<span class=\"apple-converted-space\">&nbsp;<\/span><strong data-start=\"978\" data-end=\"997\">vakuumf\u00f6rpackad<\/strong><span class=\"apple-converted-space\">&nbsp;<\/span>f\u00f6r att bevara sin naturliga fuktighet och arom. N\u00e4r du \u00f6ppnat f\u00f6rpackningen, f\u00f6rvara st\u00e4ngerna i en t\u00e4ttslutande glasburk, m\u00f6rkt och svalt, s\u00e5 h\u00e5ller de sig fr\u00e4scha l\u00e4nge.  De g\u00e5r utm\u00e4rkt att frysa. Om vaniljst\u00e5ngen blivit torr och spr\u00f6d, g\u00e5r det att bl\u00f6tl\u00e4gga i ljummet vatten 15 min, \u00e5nga \u00f6ver kokande vatten eller ha lite vodka, rom eller vegetabiliskt glycerin i botten p\u00e5 burken du f\u00f6rvarar dem i.<\/p>\n<\/div>\n<div>\n<p data-start=\"1174\" data-end=\"1443\">Hela vaniljst\u00e5ngen g\u00e5r att anv\u00e4nda. Skrapa ur fr\u00f6na till bakning eller matlagning, och l\u00e5t sedan st\u00e5ngen torka \u2013 du kan mala den till pulver, l\u00e4gga den i socker f\u00f6r att skapa<span class=\"apple-converted-space\">&nbsp;<\/span><strong data-start=\"1349\" data-end=\"1370\">egen vaniljsocker<\/strong>, eller l\u00e5ta den dra i alkohol f\u00f6r att g\u00f6ra<span class=\"apple-converted-space\">&nbsp;<\/span><strong data-start=\"1414\" data-end=\"1440\">hemlagat vaniljextrakt<\/strong>.<\/p>\n<\/div>","protected":false},"excerpt":{"rendered":"<p>Ett paket med 5 st vaniljst\u00e4nger. Vakuumf\u00f6rpackade f\u00f6r att beh\u00e5lla aromer under l\u00e5ng tid. Uppt\u00e4ck \u00e4kta vaniljsmak med v\u00e5rt paket om 5 vaniljst\u00e4nger fr\u00e5n Uganda. Dessa noggrant utvalda st\u00e4nger \u00e4r perfekta f\u00f6r att f\u00f6rh\u00f6ja smaken i bakverk, desserter och drycker. Njut av den rika och aromatiska vaniljen som ger en naturlig s\u00f6tma och en exotisk [&hellip;]<\/p>\n","protected":false},"featured_media":114,"comment_status":"open","ping_status":"closed","template":"","meta":{"om_disable_all_campaigns":false,"_monsterinsights_skip_tracking":false,"_monsterinsights_sitenote_active":false,"_monsterinsights_sitenote_note":"","_monsterinsights_sitenote_category":0,"_uf_show_specific_survey":0,"_uf_disable_surveys":false},"product_brand":[],"product_cat":[19],"product_tag":[22],"class_list":{"0":"post-109","1":"product","2":"type-product","3":"status-publish","4":"has-post-thumbnail","6":"product_cat-vaniljstanger","7":"product_tag-vaniljstang","9":"first","10":"instock","11":"taxable","12":"shipping-taxable","13":"purchasable","14":"product-type-simple"},"aioseo_notices":[],"jetpack_sharing_enabled":true,"_links":{"self":[{"href":"https:\/\/vanillapost.com\/en\/wp-json\/wp\/v2\/product\/109","targetHints":{"allow":["GET"]}}],"collection":[{"href":"https:\/\/vanillapost.com\/en\/wp-json\/wp\/v2\/product"}],"about":[{"href":"https:\/\/vanillapost.com\/en\/wp-json\/wp\/v2\/types\/product"}],"replies":[{"embeddable":true,"href":"https:\/\/vanillapost.com\/en\/wp-json\/wp\/v2\/comments?post=109"}],"wp:featuredmedia":[{"embeddable":true,"href":"https:\/\/vanillapost.com\/en\/wp-json\/wp\/v2\/media\/114"}],"wp:attachment":[{"href":"https:\/\/vanillapost.com\/en\/wp-json\/wp\/v2\/media?parent=109"}],"wp:term":[{"taxonomy":"product_brand","embeddable":true,"href":"https:\/\/vanillapost.com\/en\/wp-json\/wp\/v2\/product_brand?post=109"},{"taxonomy":"product_cat","embeddable":true,"href":"https:\/\/vanillapost.com\/en\/wp-json\/wp\/v2\/product_cat?post=109"},{"taxonomy":"product_tag","embeddable":true,"href":"https:\/\/vanillapost.com\/en\/wp-json\/wp\/v2\/product_tag?post=109"}],"curies":[{"name":"wp","href":"https:\/\/api.w.org\/{rel}","templated":true}]}}